{"id":356,"date":"2009-08-28T08:45:53","date_gmt":"2009-08-28T13:45:53","guid":{"rendered":"https:\/\/www.simplementescout.org\/?page_id=356"},"modified":"2009-11-18T01:29:55","modified_gmt":"2009-11-18T06:29:55","slug":"jamboree-los-lagos-chile-92","status":"publish","type":"page","link":"https:\/\/www.simplementescout.org\/?page_id=356","title":{"rendered":"Jamboree Los Lagos &#8211; Chile 92"},"content":{"rendered":"<p>Un d\u00eda Alberto Giha me pas\u00f3 la voz para ir a trabajar en el Jamboree Nacional de Chile. Yo reci\u00e9n hab\u00eda terminado la carrera, as\u00ed que estaba feliz de poder irme de viaje. Ambos trabajar\u00edamos en el M\u00f3dulo de los Grandes Juegos.<\/p>\n<p>Apenas invadimos el departamento del jefe (Pablo Martens), nos presentaron a otros miembros del equipo: Fernando Solari y Fernanda (de Argentina); Adriana Varela, Rose Elene Azevedo y otras tres brasileras; Renato Bustamante, Beatriz Scherz, Pato Petersen, Pancho L\u00f3pez, Ximena Tocornal (todos de Chile)&#8230; m\u00e1s tarde conocer\u00edamos a Nicol\u00e1s Petersen, al Rulo, Marisel y Manuela, entre otros. Tambi\u00e9n a J\u00f4, do Brasil, quien me bautiz\u00f3 como &#8220;Tartaruga Ninja&#8221; (tortuga ninja), debido a la vincha que sol\u00eda usar en ese evento.<\/p>\n<p>La vagancia dur\u00f3 poco: desde el inicio nos dedicamos a fabricar nuestros disfraces: cortar tela, coser, pintarla, plancharla, etc. Beatriz era una maga con la m\u00e1quina de coser: en unos minutos ya hab\u00eda hecho un traje de juglar para Pancho &#8211; y para complementarlo, Rose le prest\u00f3 unas pantimedias negras&#8230; ya se imaginar\u00e1n c\u00f3mo lo fastidi\u00e1bamos al Pancho, pero la verdad le quedaba muy lindo el traje: \u00e9l ser\u00eda el animador del evento. Los dem\u00e1s trabajar\u00edamos dirigiendo diversos juegos.<\/p>\n<p><object classid=\"clsid:d27cdb6e-ae6d-11cf-96b8-444553540000\" width=\"800\" height=\"533\" codebase=\"http:\/\/download.macromedia.com\/pub\/shockwave\/cabs\/flash\/swflash.cab#version=6,0,40,0\"><param name=\"flashvars\" value=\"host=picasaweb.google.com&amp;captions=1&amp;noautoplay=1&amp;hl=es&amp;feat=flashalbum&amp;RGB=0x000000&amp;feed=http%3A%2F%2Fpicasaweb.google.com%2Fdata%2Ffeed%2Fapi%2Fuser%2Fbettinaperu%2Falbumid%2F5372656040407387489%3Falt%3Drss%26kind%3Dphoto%26authkey%3DGv1sRgCJjGu5GtmbHmbQ%26hl%3Des\" \/><param name=\"src\" value=\"http:\/\/picasaweb.google.com\/s\/c\/bin\/slideshow.swf\" \/><embed type=\"application\/x-shockwave-flash\" width=\"800\" height=\"533\" src=\"http:\/\/picasaweb.google.com\/s\/c\/bin\/slideshow.swf\" flashvars=\"host=picasaweb.google.com&amp;captions=1&amp;noautoplay=1&amp;hl=es&amp;feat=flashalbum&amp;RGB=0x000000&amp;feed=http%3A%2F%2Fpicasaweb.google.com%2Fdata%2Ffeed%2Fapi%2Fuser%2Fbettinaperu%2Falbumid%2F5372656040407387489%3Falt%3Drss%26kind%3Dphoto%26authkey%3DGv1sRgCJjGu5GtmbHmbQ%26hl%3Des\"><\/embed><\/object><\/p>\n<p>Nos trasladamos al sur de Chile en un tren repleto de scouts. Y como era gratis, ten\u00edamos que api\u00f1arnos como pudi\u00e9ramos. Yo estaba super emocionada: nunca hab\u00eda viajado en tren! as\u00ed que no me importaron los bultos y la apretadera.<\/p>\n<p>En el lugar del campamento conocimos al resto del equipo y nos pusimos a trabajar: pintar 56 andamios, y luego llevarlos hasta el lugar que les correspond\u00eda, para poder armarlos&#8230;. pero oh sorpresa! llovi\u00f3 y llovi\u00f3&#8230; y la pintura se corri\u00f3!!! Hubo que pintar otra vez y cruzar los dedos&#8230;. despu\u00e9s los pudimos cargar (nosotros mismos, sin cami\u00f3n!) hasta el punto donde construir\u00edamos el castillo-escenario, donde se juntar\u00edan los chicos cada ma\u00f1ana, y donde recibir\u00edan su puntaje al final de la tarde.\u00a0 Armar las torres de andamios no era nada f\u00e1cil: pesaban!!! Y eran torres de 4 y de 6 andamios&#8230; y nosotros sin experiencia en la tarea&#8230; y sin casco ni nada. De ah\u00ed hab\u00eda que coronar las puntas de las torres con banderitas. Como nadie se atrev\u00eda a trepar en esas torres enclenques, Rose (a quien bautic\u00e9 como &#8220;Pantera&#8221;) y yo nos pusimos aguerridas y dijimos: &#8220;es tan f\u00e1cil! no sean cobardes!&#8221;. Y trepamos, trepamos, trepamos&#8230; hasta que cuando estuvimos arriba se nos ocurri\u00f3 mirar hacia abajo: la base del andamio en el que est\u00e1bamos deb\u00eda ser un RECT\u00c1NGULO&#8230; y no un PARALELOGRAMO!!! O sea, estaba recontrachuecazo y se balanceaba con el aire, a pesar de los tensores que hab\u00edamos puesto!!! Ya se imaginar\u00e1n que la bajada nuestra fue m\u00e1s r\u00e1pida que la subida!!!<\/p>\n<p>Respecto a los tensores&#8230; hubo que cambiar de material, porque no eran lo suficientemente fuertes como para sujetar las torres de andamios.<\/p>\n<p>De ah\u00ed ten\u00edamos que cortar largas mangas pl\u00e1sticas de colores, para colocarlas como toldo del castillo: uniendo la torre central de 6 pisos, con las circundantes de 4 pisos. Luego de haber trabajado un mont\u00f3n para colgar un par de tiras&#8230; vino la lluvia y nos demostr\u00f3 el error en el dise\u00f1o: se acumulaba el agua y no hab\u00eda desfogue! En cualquier momento se ven\u00eda abajo la ducha!!! Pensamos en hacer huecos a las tiras pl\u00e1sticas,\u00a0 pero igual no funcion\u00f3, porque desestabilizaban las ya inestables torres de andamios&#8230;. Cambiamos el dise\u00f1o: en vez de toldos, se convertir\u00edan en paredes! Unir\u00edamos dos torres con dos sogas horizontales paralelas, en las cuales colgar\u00edamos una tira rectangular de manga&#8230;. Al d\u00eda siguiente descubrimos con horror que el viento hab\u00eda hecho GIRAR varios grados una de las torres, aprovechando la tira pl\u00e1stica que hab\u00eda funcionado como VELA!!!<\/p>\n<p>Al final decidimos cortar los pl\u00e1sticos en peque\u00f1os tri\u00e1ngulos, para hacer un toldo de banderitas triangulares nada m\u00e1s. El peso ya no era tanto, ni se acumulaba el agua, ni nada. Por fin ten\u00edamos algo listo (no tan bonito, pero s\u00ed m\u00e1s seguro).<\/p>\n<p>De ah\u00ed comenz\u00f3 el evento: cada d\u00eda ven\u00eda un subcampo con cientos de chicos, con sus bordones, sus banderas, gritando, etc.\u00a0 Pancho los recib\u00eda al ritmo de la m\u00fasica de moda (Locom\u00eda, Luis Miguel y otros) y ah\u00ed estaban hasta el inicio de los juegos. De ah\u00ed comenzaba todo: los chicos se divid\u00edan por bases e iban jugando por un tiempo determinado, hasta pasar a la otra base.<\/p>\n<p>Mi juego era divertido, aunque medio salvaje: en un terreno amplio hab\u00edamos delimitado 6 cuadrados, dentro de los cuales hab\u00eda varios palitos de 20 cms.\u00a0 Las patrullas deb\u00edan robarse los palitos ajenos y proteger los propios, al mismo tiempo que deb\u00edan proteger sus propias vidas (pa\u00f1oletas colgando atr\u00e1s).\u00a0 Digo que era salvaje, porque no faltaban quienes se lanzaban los palitos de un extremo al otro (que estaba prohibido): inclusive yo termin\u00e9 herida un par de veces. Felizmente ten\u00eda a los chicos de la cruz roja al lado.<\/p>\n<p>Al final del d\u00eda est\u00e1bamos cansad\u00edsimos de haber repetido las instrucciones de los juegos tantas veces, y de haber controlado la ejecuci\u00f3n de los mismos&#8230;. La comida en el &#8220;casino&#8221; del campamento no era lo mejor (nos sorprendi\u00f3 recibir carne el \u00faltimo d\u00eda), pero felizmente hab\u00eda esp\u00edritu de equipo que nos hizo sobrellevar las dificultades.<\/p>\n<p>Por cierto: para complementar nuestra alimentaci\u00f3n (o mejor dicho, para darnos ciertos gustitos) felizmente las brasileiras preparaban una especie de fudge delicioso&#8230; y tambi\u00e9n Alberto se la pas\u00f3 recolectando moras en su tiempo libre (cu\u00e1l?) y preparando mermelada con las mismas. Creo que con esa mermelada soborn\u00f3 a los bomberos: su juego requer\u00eda de un par de cilindros llenos de agua, que se iban vaciando a medida que llegaban las patrullas. As\u00ed que en lugar de cargar muchos baldes cada ma\u00f1ana, antes de comenzar los juegos, se aparec\u00eda bien parado en el camioncito de bomberos, que le llenaban los cilindros en un santiam\u00e9n!<\/p>\n<p>En este evento me hice amiga de varios chicos que no eran de Grandes Juegos: entre ellos hab\u00eda un belga llamado Marc, un Milton de Chile, un chiquillo que era mensajero (Diego, creo que era sobrino de Gerardo Gonz\u00e1lez).\u00a0 Pero el encuentro m\u00e1s importante y esperado, era con Ale De Souza, amigo argentino con quien nos carte\u00e1bamos desde fines del 88 o comienzos del 89.\u00a0 Finalmente nos pudimos dar un abrazo en este Jamboree, despu\u00e9s del cual, supuestamente, Ale vendr\u00eda al Per\u00fa para estar unos d\u00edas en la casa y luego viajar al Cusco. Pero el plan cambi\u00f3, pues \u00e9l hab\u00eda optado por ahorrar ese dinero y casarse con su entonces novia, Carolina. As\u00ed que el poco tiempo libre que me quedaba, lo pasaba con Ale, conversando de todo un poco, ense\u00f1\u00e1ndonos mutuamente cantos y barras scouts. (De \u00e9l aprend\u00ed\u00a0 &#8220;El Tibur\u00f3n&#8221;&#8230; que luego fue un \u00e9xito en el VAP, programa de la parroquia en el que trabaj\u00e9 muchos a\u00f1os).<\/p>\n<p>Otra cosa importante fueron las noches de mate! No de matem\u00e1ticas, sino de yerba mate! Dado que no ten\u00edamos mucho tiempo en el d\u00eda, nos junt\u00e1bamos varios amigos en la noche, para conversar, contar an\u00e9cdotas, cantar un poco&#8230; vida de campamento pues! Pero como hab\u00eda de ser &#8220;clandestina&#8221; la cosa (los de seguridad ven\u00edan a callar a todos), termin\u00e1bamos metidos en mi carpa &#8211; que supuestamente era para tres personas. En una oportunidad \u00e9ramos como ocho adentro, m\u00e1s la guitarra, m\u00e1s el termo de mate! No cab\u00eda un alfiler m\u00e1s.<\/p>\n<p>En suma:\u00a0 mi primer evento fuera del pa\u00eds fue una gran experiencia; el equipo en el que trabaj\u00e9 fue genial; hice nuevos compa\u00f1eros, y conoc\u00ed en persona a un viejo amigo. \u00bfQu\u00e9 m\u00e1s se puede pedir?<\/p>\n","protected":false},"excerpt":{"rendered":"<p>Un d\u00eda Alberto Giha me pas\u00f3 la voz para ir a trabajar en el Jamboree Nacional de Chile. Yo reci\u00e9n hab\u00eda terminado la carrera, as\u00ed que estaba feliz de poder irme de viaje. Ambos trabajar\u00edamos en el M\u00f3dulo de los Grandes Juegos. Apenas invadimos el departamento del jefe (Pablo Martens), nos presentaron a otros miembros &hellip;<\/p>\n<p class=\"read-more\"> <a class=\"\" href=\"https:\/\/www.simplementescout.org\/?page_id=356\"> <span class=\"screen-reader-text\">Jamboree Los Lagos &#8211; Chile 92<\/span> Read More &raquo;<\/a><\/p>\n","protected":false},"author":1,"featured_media":0,"parent":84,"menu_order":7,"comment_status":"closed","ping_status":"open","template":"","meta":{"site-sidebar-layout":"default","site-content-layout":"default","ast-main-header-display":"","ast-hfb-above-header-display":"","ast-hfb-below-header-display":"","ast-hfb-mobile-header-display":"","site-post-title":"","ast-breadcrumbs-content":"","ast-featured-img":"","footer-sml-layout":"","theme-transparent-header-meta":"","adv-header-id-meta":"","stick-header-meta":"","header-above-stick-meta":"","header-main-stick-meta":"","header-below-stick-meta":"","footnotes":""},"class_list":["post-356","page","type-page","status-publish","hentry"],"_links":{"self":[{"href":"https:\/\/www.simplementescout.org\/index.php?rest_route=\/wp\/v2\/pages\/356","targetHints":{"allow":["GET"]}}],"collection":[{"href":"https:\/\/www.simplementescout.org\/index.php?rest_route=\/wp\/v2\/pages"}],"about":[{"href":"https:\/\/www.simplementescout.org\/index.php?rest_route=\/wp\/v2\/types\/page"}],"author":[{"embeddable":true,"href":"https:\/\/www.simplementescout.org\/index.php?rest_route=\/wp\/v2\/users\/1"}],"replies":[{"embeddable":true,"href":"https:\/\/www.simplementescout.org\/index.php?rest_route=%2Fwp%2Fv2%2Fcomments&post=356"}],"version-history":[{"count":10,"href":"https:\/\/www.simplementescout.org\/index.php?rest_route=\/wp\/v2\/pages\/356\/revisions"}],"predecessor-version":[{"id":469,"href":"https:\/\/www.simplementescout.org\/index.php?rest_route=\/wp\/v2\/pages\/356\/revisions\/469"}],"up":[{"embeddable":true,"href":"https:\/\/www.simplementescout.org\/index.php?rest_route=\/wp\/v2\/pages\/84"}],"wp:attachment":[{"href":"https:\/\/www.simplementescout.org\/index.php?rest_route=%2Fwp%2Fv2%2Fmedia&parent=356"}],"curies":[{"name":"wp","href":"https:\/\/api.w.org\/{rel}","templated":true}]}}