{"id":347,"date":"2009-08-27T23:57:54","date_gmt":"2009-08-28T04:57:54","guid":{"rendered":"https:\/\/www.simplementescout.org\/?page_id=347"},"modified":"2009-11-18T01:27:45","modified_gmt":"2009-11-18T06:27:45","slug":"jamboree-del-misti-arequipa-96","status":"publish","type":"page","link":"https:\/\/www.simplementescout.org\/?page_id=347","title":{"rendered":"Jamboree del Misti &#8211; Arequipa 96"},"content":{"rendered":"<p>Mi plan era ir al evento como miembro del equipo de servicio&#8230; pero me llam\u00f3 Enzo Defilippi (Miraflores 57) para invitarme a ir con una patrulla de chicas, reemplazando a Carla Fosca, su Jefa de Tropa, que estaba por rendir su examen de ingreso a la universidad.\u00a0 Acept\u00e9<\/p>\n<p>Antes del Jamboree visit\u00e9 un campamento para conocer a las chicas. Luego hubo un par de reuniones donde las conoc\u00ed m\u00e1s (ay! hab\u00eda taaanto por hacer!). Inclusive una de ellas, Claudia, se hizo un tajo en el dedo con una cuchilla suiza, justo despu\u00e9s de haber concluido una reuni\u00f3n&#8230;. le apliqu\u00e9 primeros auxilios y la llev\u00e9 de inmediato a una cl\u00ednica cercana, donde le pusieron algunos puntos. Contrario a lo que esperaba, su mam\u00e1 aprob\u00f3 mi r\u00e1pida reacci\u00f3n. &#8220;No te preoucpes: ya estoy acostumbrada a los accidentes de mi hija&#8221;, dijo.<\/p>\n<p>As\u00ed que llegu\u00e9 a Arequipa a cargo de la patrulla Lechuzas. Las chicas eran buenas, aunque les faltaba esa chispa, esa garra que necesita todo scout para salir adelante.\u00a0 D\u00eda a d\u00eda trat\u00e9 de inyect\u00e1rsela&#8230; y creo q lo logr\u00e9. Mejor dicho, lo logramos, pues ellas pusieron mucho de su parte.\u00a0 Creo que todo comenz\u00f3 el d\u00eda que les pint\u00e9 la cara con t\u00e9mperas de los colores de su pa\u00f1oleta. &#8220;Ay qu\u00e9 roche!!! Por qu\u00e9 nos p\u00ecntas?&#8221;&#8230;. fueron sus expresiones al inicio&#8230; pero m\u00e1gicamente la pintura funcion\u00f3 al momento de competir en la pista de comando y otras actividades: las chicas se pusieron las pilas para tratar de ser las mejores. Especialmente Katrin, Karin y Claudia.<\/p>\n<p><object classid=\"clsid:d27cdb6e-ae6d-11cf-96b8-444553540000\" width=\"800\" height=\"533\" codebase=\"http:\/\/download.macromedia.com\/pub\/shockwave\/cabs\/flash\/swflash.cab#version=6,0,40,0\"><param name=\"flashvars\" value=\"host=picasaweb.google.com&amp;captions=1&amp;noautoplay=1&amp;hl=es&amp;feat=flashalbum&amp;RGB=0x000000&amp;feed=http%3A%2F%2Fpicasaweb.google.com%2Fdata%2Ffeed%2Fapi%2Fuser%2Fbettinaperu%2Falbumid%2F5373945997363260481%3Falt%3Drss%26kind%3Dphoto%26authkey%3DGv1sRgCPb30pKE66HDAw%26hl%3Des\" \/><param name=\"src\" value=\"http:\/\/picasaweb.google.com\/s\/c\/bin\/slideshow.swf\" \/><embed type=\"application\/x-shockwave-flash\" width=\"800\" height=\"533\" src=\"http:\/\/picasaweb.google.com\/s\/c\/bin\/slideshow.swf\" flashvars=\"host=picasaweb.google.com&amp;captions=1&amp;noautoplay=1&amp;hl=es&amp;feat=flashalbum&amp;RGB=0x000000&amp;feed=http%3A%2F%2Fpicasaweb.google.com%2Fdata%2Ffeed%2Fapi%2Fuser%2Fbettinaperu%2Falbumid%2F5373945997363260481%3Falt%3Drss%26kind%3Dphoto%26authkey%3DGv1sRgCPb30pKE66HDAw%26hl%3Des\"><\/embed><\/object><\/p>\n<p>Nuestro campamento era acogedor: en las noches so\u00edamos ofrecer a los chicos de seguridad una taza de t\u00e9 caliente&#8230; otras veces se aparec\u00edan Rovers del grupo que estaban en el Equipo de Servicio, para gorrearnos algo de comida. El mismo Stefan, Jefe de Grupo, hizo lo mismo&#8230; aduciendo que los chicos de la tropa no cocinaban tan rico.\u00a0 Otro visitante frecuente era Jerico, de la San Borja 99, que disfrutaba de las canciones que les iba ense\u00f1ando a las chicas.<\/p>\n<p>No puedo dejar de mencionar el famoso &#8220;Pollo al sillao&#8221; que ten\u00edamos una noche&#8230; Linda, nuestra cocinera, dijo que sab\u00eda hacerlo, con una receta de su abuelita. Cuando empezaba a prepararlo, me llamaron para una reuni\u00f3n de Jefes&#8230; y cuando regres\u00e9 encontr\u00e9 caras largas: nadie hab\u00eda comido. Voy a ver en la olla y encuentro&#8230;. mucha agua negra, MUY negra, con unos cuantos trocitos de pollo sumergidos en su interior (hab\u00eda que bucear para encontrarlos). Entonces prepar\u00e9 el \u00fanico plato que yo s\u00ed sab\u00eda hacer: arroz chaufa. No s\u00e9 si fue el hambre atroz, o si verdaderamente sali\u00f3 rico&#8230; la cosa es que nos devoramos la olla. Stefan se col\u00f3 ese d\u00eda a nuestra mesa, halagando mi talento culinario diciendo: &#8220;Qu\u00e9 rico arroz chaufa! Tienes que venir a mi casa a ense\u00f1arme a cocinar&#8221;. (Nota importante: despu\u00e9s me enter\u00e9 de que \u00e9l cocina mucho mejor que yo. Mejor dicho: \u00e9l cocina, yo no).<\/p>\n<p>Entre las tantas actividades nos hemos ido de caminata, al final de la cual conocimos un brebaje poderoso, que supuestamente nos devolver\u00eda las energ\u00edas gastadas: Cocacola con Leche Gloria!!!\u00a0 Y como no hab\u00eda Cocacola, le metimos Manzanita (una gaseosa con sabor a manzana). Para mi gusto, no estaba mal&#8230; o ser\u00eda que estaba muerta de sed.<\/p>\n<p>Debo confesar algo: un par de noches hemos hecho fogata fuera del programa (no estaba permitido!). Pero la verdad es que varios ech\u00e1bamos de menos el participar en una fogata &#8220;a la antigua&#8221;. Hasta el mismo Jefe Scout Nacional vino a sentarse con nosotros. Con mi guitarra toqu\u00e9 viejas canciones scouts, que casi han quedado en el olvido (reemplazadas por otras de doble sentido!) &#8230;\u00a0 hemos compartido algunos chocolates&#8230;\u00a0 hemos sentido el crepitar de las llamas&#8230; hemos visto los le\u00f1os partirse poco a poco&#8230; \u00bfAcaso hay momento mejor que la fogata del campamento?\u00a0 El fr\u00edo de la noche era intenso, pero no pudo contra el ambiente de calidez que hab\u00edamos logrado.<\/p>\n<p>Este Jamboree ha sido el primero &#8211; y el \u00fanico, hasta la fecha &#8211; al que he ido llevando chicas a mi cargo. Y creo que no lo hice tan mal (a pesar de que prefiero trabajar m\u00e1s libremente en el Equipo de Servicio).\u00a0 Tambi\u00e9n ha sido muy especial, porque conoc\u00ed a Stefan, con quien nos casamos dos a\u00f1os despu\u00e9s&#8230; De no haber sido por las chicas (Magali y su juego de las &#8220;Util\u00edsimas&#8221;, consistente en preguntas indiscretas), creo que no me habr\u00eda interesado en \u00e9l. \u00a1Gracias Patrulla Lechuzas!<\/p>\n","protected":false},"excerpt":{"rendered":"<p>Mi plan era ir al evento como miembro del equipo de servicio&#8230; pero me llam\u00f3 Enzo Defilippi (Miraflores 57) para invitarme a ir con una patrulla de chicas, reemplazando a Carla Fosca, su Jefa de Tropa, que estaba por rendir su examen de ingreso a la universidad.\u00a0 Acept\u00e9 Antes del Jamboree visit\u00e9 un campamento para &hellip;<\/p>\n<p class=\"read-more\"> <a class=\"\" href=\"https:\/\/www.simplementescout.org\/?page_id=347\"> <span class=\"screen-reader-text\">Jamboree del Misti &#8211; Arequipa 96<\/span> Read More &raquo;<\/a><\/p>\n","protected":false},"author":1,"featured_media":0,"parent":84,"menu_order":3,"comment_status":"closed","ping_status":"open","template":"","meta":{"site-sidebar-layout":"default","site-content-layout":"default","ast-main-header-display":"","ast-hfb-above-header-display":"","ast-hfb-below-header-display":"","ast-hfb-mobile-header-display":"","site-post-title":"","ast-breadcrumbs-content":"","ast-featured-img":"","footer-sml-layout":"","theme-transparent-header-meta":"","adv-header-id-meta":"","stick-header-meta":"","header-above-stick-meta":"","header-main-stick-meta":"","header-below-stick-meta":"","footnotes":""},"class_list":["post-347","page","type-page","status-publish","hentry"],"_links":{"self":[{"href":"https:\/\/www.simplementescout.org\/index.php?rest_route=\/wp\/v2\/pages\/347","targetHints":{"allow":["GET"]}}],"collection":[{"href":"https:\/\/www.simplementescout.org\/index.php?rest_route=\/wp\/v2\/pages"}],"about":[{"href":"https:\/\/www.simplementescout.org\/index.php?rest_route=\/wp\/v2\/types\/page"}],"author":[{"embeddable":true,"href":"https:\/\/www.simplementescout.org\/index.php?rest_route=\/wp\/v2\/users\/1"}],"replies":[{"embeddable":true,"href":"https:\/\/www.simplementescout.org\/index.php?rest_route=%2Fwp%2Fv2%2Fcomments&post=347"}],"version-history":[{"count":10,"href":"https:\/\/www.simplementescout.org\/index.php?rest_route=\/wp\/v2\/pages\/347\/revisions"}],"predecessor-version":[{"id":466,"href":"https:\/\/www.simplementescout.org\/index.php?rest_route=\/wp\/v2\/pages\/347\/revisions\/466"}],"up":[{"embeddable":true,"href":"https:\/\/www.simplementescout.org\/index.php?rest_route=\/wp\/v2\/pages\/84"}],"wp:attachment":[{"href":"https:\/\/www.simplementescout.org\/index.php?rest_route=%2Fwp%2Fv2%2Fmedia&parent=347"}],"curies":[{"name":"wp","href":"https:\/\/api.w.org\/{rel}","templated":true}]}}