{"id":162,"date":"2008-09-15T15:54:30","date_gmt":"2008-09-15T20:54:30","guid":{"rendered":"https:\/\/www.simplementescout.org\/?page_id=162"},"modified":"2008-09-15T15:54:30","modified_gmt":"2008-09-15T20:54:30","slug":"baden-powell","status":"publish","type":"page","link":"https:\/\/www.simplementescout.org\/?page_id=162","title":{"rendered":"Baden-Powell"},"content":{"rendered":"<p>Despu\u00e9s de tan exitosa carrera militar, BP pudo haberse retirado tranquilamente. En Inglaterra era considerado un h\u00e9roe por sus m\u00faltiples victorias, as\u00ed que pod\u00eda gozar del resto de su vida.<\/p>\n<p>Sin embargo, BP opt\u00f3 por algo superior, pues era un hombre de ideales. El quer\u00eda dejar este mundo mejor de como lo encontr\u00f3, y se dio cuenta de que su plan ten\u00eda que involucrar a los ni\u00f1os y j\u00f3venes. Fue as\u00ed como despu\u00e9s de varios a\u00f1os de trabajo cre\u00f3 el movimiento Scout.<\/p>\n<p>Aqu\u00ed puedes ver en 3 videos la historia de BP y del nacimiento del escultismo. (Las im\u00e1genes son de muy mala calidad, pero de todas maneras vale la pena verlas, pues resumen bastante bien la vida de BP, y est\u00e1n en espa\u00f1ol).<\/p>\n<p><object classid=\"clsid:d27cdb6e-ae6d-11cf-96b8-444553540000\" width=\"425\" height=\"344\" codebase=\"http:\/\/download.macromedia.com\/pub\/shockwave\/cabs\/flash\/swflash.cab#version=6,0,40,0\"><param name=\"allowFullScreen\" value=\"true\" \/><param name=\"src\" value=\"http:\/\/www.youtube.com\/v\/RVVn9HkEQX4&amp;hl=en&amp;fs=1\" \/><embed type=\"application\/x-shockwave-flash\" width=\"425\" height=\"344\" src=\"http:\/\/www.youtube.com\/v\/RVVn9HkEQX4&amp;hl=en&amp;fs=1\" allowfullscreen=\"true\"><\/embed><\/object><\/p>\n<p><object classid=\"clsid:d27cdb6e-ae6d-11cf-96b8-444553540000\" width=\"425\" height=\"344\" codebase=\"http:\/\/download.macromedia.com\/pub\/shockwave\/cabs\/flash\/swflash.cab#version=6,0,40,0\"><param name=\"allowFullScreen\" value=\"true\" \/><param name=\"src\" value=\"http:\/\/www.youtube.com\/v\/ih58a0X80H8&amp;hl=en&amp;fs=1\" \/><embed type=\"application\/x-shockwave-flash\" width=\"425\" height=\"344\" src=\"http:\/\/www.youtube.com\/v\/ih58a0X80H8&amp;hl=en&amp;fs=1\" allowfullscreen=\"true\"><\/embed><\/object><\/p>\n<p><object classid=\"clsid:d27cdb6e-ae6d-11cf-96b8-444553540000\" width=\"425\" height=\"344\" codebase=\"http:\/\/download.macromedia.com\/pub\/shockwave\/cabs\/flash\/swflash.cab#version=6,0,40,0\"><param name=\"allowFullScreen\" value=\"true\" \/><param name=\"src\" value=\"http:\/\/www.youtube.com\/v\/w1rIunIcLCg&amp;hl=en&amp;fs=1\" \/><embed type=\"application\/x-shockwave-flash\" width=\"425\" height=\"344\" src=\"http:\/\/www.youtube.com\/v\/w1rIunIcLCg&amp;hl=en&amp;fs=1\" allowfullscreen=\"true\"><\/embed><\/object><\/p>\n<p><strong>EL ULTIMO MENSAJE DEL JEFE <\/strong>&#8211; (Algo a tomar en cuenta siempre!!!)<\/p>\n<blockquote><p><em>Queridos scouts:<\/em><br \/>\n<em>Si alguna vez hab\u00e9is visto el juego de &#8220;Peter Pan&#8221;, recordar\u00e9is c\u00f3mo el jefe de los piratas estaba siempre haciendo su \u00faltimo discurso de despedida, por temor de que posiblemente cuando llegara la hora en que hab\u00eda de morir no fuera a tener tiempo de darlo a conocer. As\u00ed me sucede a m\u00ed, y cuando no me estoy muriendo en este momento, esto tendr\u00e1 que suceder uno de estos d\u00edas y deseo deciros una palabra de despedida. Recordad: \u00e9sta es la \u00faltima que oir\u00e9is de m\u00ed; por tanto, meditadla.<\/em><\/p>\n<p><em>He tenido una vida muy dichosa y deseo que todos vosotros teng\u00e1is tambi\u00e9n vidas muy dichosas. Tengo para m\u00ed, que Dios nos ha puesto en este mundo encantador para que seamos felices y gocemos de la vida. Pero la felicidad no proviene de la riqueza, ni de tener \u00e9xito en la carrera simplemente, ni d\u00e1ndose uno gusto a s\u00ed mismo. Un paso hacia la felicidad es hacerse uno sano y fuerte, cuando ni\u00f1o, para poder ser \u00fatil, y as\u00ed, poder gozar de la vida cuando se es hombre.<\/em><\/p>\n<p><em>El estudio de la naturaleza os ense\u00f1ar\u00e1 c\u00f3mo ha llenado Dios de cosas bellas y maravillosas este mundo, para que lo pod\u00e1is gozar. Estad satisfechos con lo que os haya tocado y sacad de ello el mejor partido que pod\u00e1is. Ved siempre el lado bueno de las cosas y no el malo. Pero la verdadera manera de obtener la felicidad es haciendo felices a los dem\u00e1s . Tratad de dejar este mundo en mejores condiciones de como lo encontrasteis; de esa manera, cuando os llegue la hora de morir, podr\u00e9is hacerlo felices, porque por lo menos , no perdisteis el tiempo e hicisteis cuanto os fue posible por hacer el bien.<\/em><\/p>\n<p><em><\/em><em>&#8220;Estad Listos&#8221; en esa forma, para gozar una vida dichosa y morir dichosos; as\u00edos a vuestra Promesa Scout, siempre, aun cuando hay\u00e1is dejado de ser muchachos. Que Dios os ayude a hacerlo as\u00ed.<\/em><\/p><\/blockquote>\n","protected":false},"excerpt":{"rendered":"<p>Despu\u00e9s de tan exitosa carrera militar, BP pudo haberse retirado tranquilamente. En Inglaterra era considerado un h\u00e9roe por sus m\u00faltiples victorias, as\u00ed que pod\u00eda gozar del resto de su vida. Sin embargo, BP opt\u00f3 por algo superior, pues era un hombre de ideales. El quer\u00eda dejar este mundo mejor de como lo encontr\u00f3, y se &hellip;<\/p>\n<p class=\"read-more\"> <a class=\"\" href=\"https:\/\/www.simplementescout.org\/?page_id=162\"> <span class=\"screen-reader-text\">Baden-Powell<\/span> Read More &raquo;<\/a><\/p>\n","protected":false},"author":1,"featured_media":0,"parent":86,"menu_order":0,"comment_status":"closed","ping_status":"closed","template":"","meta":{"site-sidebar-layout":"default","site-content-layout":"default","ast-main-header-display":"","ast-hfb-above-header-display":"","ast-hfb-below-header-display":"","ast-hfb-mobile-header-display":"","site-post-title":"","ast-breadcrumbs-content":"","ast-featured-img":"","footer-sml-layout":"","theme-transparent-header-meta":"","adv-header-id-meta":"","stick-header-meta":"","header-above-stick-meta":"","header-main-stick-meta":"","header-below-stick-meta":"","footnotes":""},"class_list":["post-162","page","type-page","status-publish","hentry"],"_links":{"self":[{"href":"https:\/\/www.simplementescout.org\/index.php?rest_route=\/wp\/v2\/pages\/162","targetHints":{"allow":["GET"]}}],"collection":[{"href":"https:\/\/www.simplementescout.org\/index.php?rest_route=\/wp\/v2\/pages"}],"about":[{"href":"https:\/\/www.simplementescout.org\/index.php?rest_route=\/wp\/v2\/types\/page"}],"author":[{"embeddable":true,"href":"https:\/\/www.simplementescout.org\/index.php?rest_route=\/wp\/v2\/users\/1"}],"replies":[{"embeddable":true,"href":"https:\/\/www.simplementescout.org\/index.php?rest_route=%2Fwp%2Fv2%2Fcomments&post=162"}],"version-history":[{"count":4,"href":"https:\/\/www.simplementescout.org\/index.php?rest_route=\/wp\/v2\/pages\/162\/revisions"}],"predecessor-version":[{"id":177,"href":"https:\/\/www.simplementescout.org\/index.php?rest_route=\/wp\/v2\/pages\/162\/revisions\/177"}],"up":[{"embeddable":true,"href":"https:\/\/www.simplementescout.org\/index.php?rest_route=\/wp\/v2\/pages\/86"}],"wp:attachment":[{"href":"https:\/\/www.simplementescout.org\/index.php?rest_route=%2Fwp%2Fv2%2Fmedia&parent=162"}],"curies":[{"name":"wp","href":"https:\/\/api.w.org\/{rel}","templated":true}]}}